{"id":2107,"date":"2021-12-07T18:02:42","date_gmt":"2021-12-07T17:02:42","guid":{"rendered":"https:\/\/massingwerner.fantomas-staging.de\/?page_id=2107"},"modified":"2021-12-22T18:46:42","modified_gmt":"2021-12-22T17:46:42","slug":"contact","status":"publish","type":"page","link":"https:\/\/massingwerner.fantomas-staging.de\/en\/kontakt\/","title":{"rendered":"Contact"},"content":{"rendered":"\t\t<div data-elementor-type=\"wp-page\" data-elementor-id=\"2107\" class=\"elementor elementor-2107\" data-elementor-post-type=\"page\">\n\t\t\t\t\t\t<section class=\"elementor-section elementor-top-section elementor-element elementor-element-412fc56 elementor-section-height-min-height elementor-section-items-top elementor-section-boxed elementor-section-height-default\" data-id=\"412fc56\" data-element_type=\"section\" data-e-type=\"section\" data-settings=\"{&quot;sticky&quot;:&quot;top&quot;,&quot;background_background&quot;:&quot;classic&quot;,&quot;sticky_on&quot;:[&quot;desktop&quot;,&quot;tablet&quot;,&quot;mobile&quot;],&quot;sticky_offset&quot;:0,&quot;sticky_effects_offset&quot;:0,&quot;sticky_anchor_link_offset&quot;:0}\">\n\t\t\t\t\t\t<div class=\"elementor-container elementor-column-gap-default\">\n\t\t\t\t\t<div class=\"elementor-column elementor-col-100 elementor-top-column elementor-element elementor-element-d2c5e38\" data-id=\"d2c5e38\" data-element_type=\"column\" data-e-type=\"column\" data-settings=\"{&quot;background_background&quot;:&quot;classic&quot;}\">\n\t\t\t<div class=\"elementor-widget-wrap elementor-element-populated\">\n\t\t\t\t\t\t<div class=\"elementor-element elementor-element-58574ed elementor-widget elementor-widget-template\" data-id=\"58574ed\" data-element_type=\"widget\" data-e-type=\"widget\" data-widget_type=\"template.default\">\n\t\t\t\t<div class=\"elementor-widget-container\">\n\t\t\t\t\t\t\t<div class=\"elementor-template\">\n\t\t\t\t\t<div data-elementor-type=\"section\" data-elementor-id=\"4204\" class=\"elementor elementor-4204\" data-elementor-post-type=\"elementor_library\">\n\t\t\t\t\t<section class=\"elementor-section elementor-top-section elementor-element elementor-element-c6a4852 elementor-hidden-tablet elementor-hidden-mobile elementor-section-boxed elementor-section-height-default elementor-section-height-default\" data-id=\"c6a4852\" data-element_type=\"section\" data-e-type=\"section\">\n\t\t\t\t\t\t<div class=\"elementor-container elementor-column-gap-default\">\n\t\t\t\t\t<div class=\"elementor-column elementor-col-100 elementor-top-column elementor-element elementor-element-e9bd0c5\" data-id=\"e9bd0c5\" data-element_type=\"column\" data-e-type=\"column\">\n\t\t\t<div class=\"elementor-widget-wrap elementor-element-populated\">\n\t\t\t\t\t\t<div class=\"elementor-element elementor-element-4ad0f8a elementor-hidden-tablet elementor-hidden-mobile elementor-widget elementor-widget-spacer\" data-id=\"4ad0f8a\" data-element_type=\"widget\" data-e-type=\"widget\" id=\"top-white\" data-widget_type=\"spacer.default\">\n\t\t\t\t<div class=\"elementor-widget-container\">\n\t\t\t\t\t\t\t<div class=\"elementor-spacer\">\n\t\t\t<div class=\"elementor-spacer-inner\"><\/div>\n\t\t<\/div>\n\t\t\t\t\t\t<\/div>\n\t\t\t\t<\/div>\n\t\t\t\t<div data-dce-advanced-background-color=\"#FFFFFF\" class=\"elementor-element elementor-element-d569b1a uael-nav-menu__align-center elementor-hidden-tablet elementor-hidden-mobile uael-nav-menu__breakpoint-none uael-submenu-open-hover uael-submenu-icon-arrow uael-submenu-animation-none uael-link-redirect-child elementor-widget elementor-widget-uael-nav-menu\" data-id=\"d569b1a\" data-element_type=\"widget\" data-e-type=\"widget\" id=\"desk-nav\" data-settings=\"{&quot;distance_from_menu&quot;:{&quot;unit&quot;:&quot;px&quot;,&quot;size&quot;:&quot;&quot;,&quot;sizes&quot;:[]},&quot;distance_from_menu_tablet&quot;:{&quot;unit&quot;:&quot;px&quot;,&quot;size&quot;:&quot;&quot;,&quot;sizes&quot;:[]},&quot;distance_from_menu_mobile&quot;:{&quot;unit&quot;:&quot;px&quot;,&quot;size&quot;:&quot;&quot;,&quot;sizes&quot;:[]}}\" data-widget_type=\"uael-nav-menu.default\">\n\t\t\t\t<div class=\"elementor-widget-container\">\n\t\t\t\t\t\t\t<div class=\"uael-nav-menu uael-layout-horizontal uael-nav-menu-layout uael-pointer__none\" data-layout=\"horizontal\">\n\t\t\t\t<div role=\"button\" class=\"uael-nav-menu__toggle elementor-clickable\">\n\t\t\t\t\t<span class=\"screen-reader-text\">Main Menu<\/span>\n\t\t\t\t\t<div class=\"uael-nav-menu-icon\">\n\t\t\t\t\t\t\t\t\t\t\t<\/div>\n\t\t\t\t\t\t\t\t\t<\/div>\n\t\t\t\t\t\t\t<nav class=\"uael-nav-menu__layout-horizontal uael-nav-menu__submenu-arrow\" data-toggle-icon=\"\" data-close-icon=\"\" data-full-width=\"\"><ul id=\"menu-1-d569b1a\" class=\"uael-nav-menu\"><li id=\"menu-item-104\" class=\"menu-item menu-item-type-custom menu-item-object-custom parent uael-creative-menu\"><a href=\"\/#home\" class = \"uael-menu-item\">Home<\/a><\/li>\n<li id=\"menu-item-83\" class=\"menu-item menu-item-type-custom menu-item-object-custom parent uael-creative-menu\"><a href=\"\/berater\" class = \"uael-menu-item\">Berater<\/a><\/li>\n<li id=\"menu-item-84\" class=\"menu-item menu-item-type-custom menu-item-object-custom parent uael-creative-menu\"><a href=\"\/kompetenzen\" class = \"uael-menu-item\">Kompetenzen<\/a><\/li>\n<li id=\"menu-item-85\" class=\"menu-item menu-item-type-custom menu-item-object-custom parent uael-creative-menu\"><a href=\"\/karriere\" class = \"uael-menu-item\">Karriere<\/a><\/li>\n<li id=\"menu-item-6017\" class=\"menu-item menu-item-type-post_type menu-item-object-page parent uael-creative-menu\"><a href=\"https:\/\/massingwerner.fantomas-staging.de\/en\/news\/\" class = \"uael-menu-item\">News<\/a><\/li>\n<li id=\"menu-item-86\" class=\"menu-item menu-item-type-custom menu-item-object-custom parent uael-creative-menu\"><a href=\"\/kontakt\" class = \"uael-menu-item\">Kontakt<\/a><\/li>\n<li id=\"menu-item-6132\" class=\"english trp-language-switcher-container menu-item menu-item-type-post_type menu-item-object-language_switcher current-language-menu-item parent uael-creative-menu\"><a href=\"https:\/\/massingwerner.fantomas-staging.de\/en\/wp-json\/wp\/v2\/pages\/2107#TRPLINKPROCESSED\" class = \"uael-menu-item\"><span data-no-translation><span class=\"trp-ls-language-name\">EN<\/span><\/span><\/a><\/li>\n<li id=\"menu-item-6133\" class=\"trp-language-switcher-container menu-item menu-item-type-post_type menu-item-object-language_switcher current-language-menu-item parent uael-creative-menu\"><a href=\"https:\/\/massingwerner.fantomas-staging.de\/en\/wp-json\/wp\/v2\/pages\/2107#TRPLINKPROCESSED\" class = \"uael-menu-item\"><span data-no-translation><span class=\"trp-ls-language-name\">DE<\/span><\/span><\/a><\/li>\n<\/ul><\/nav>\n\t\t\t\t\t<\/div>\n\t\t\t\t\t\t\t<\/div>\n\t\t\t\t<\/div>\n\t\t\t\t<div class=\"elementor-element elementor-element-42929fa elementor-widget elementor-widget-html\" data-id=\"42929fa\" data-element_type=\"widget\" data-e-type=\"widget\" data-widget_type=\"html.default\">\n\t\t\t\t<div class=\"elementor-widget-container\">\n\t\t\t\t\t<a href=\"\/#home\">\n<span class=\"home-link\"><\/span><\/a>\t\t\t\t<\/div>\n\t\t\t\t<\/div>\n\t\t\t\t\t<\/div>\n\t\t<\/div>\n\t\t\t\t\t<\/div>\n\t\t<\/section>\n\t\t\t\t<section data-dce-background-color=\"#FFFFFF\" class=\"elementor-section elementor-top-section elementor-element elementor-element-463a48c elementor-hidden-desktop elementor-section-content-middle elementor-section-boxed elementor-section-height-default elementor-section-height-default\" data-id=\"463a48c\" data-element_type=\"section\" data-e-type=\"section\" id=\"mob-tab\" data-settings=\"{&quot;background_background&quot;:&quot;classic&quot;}\">\n\t\t\t\t\t\t<div class=\"elementor-container elementor-column-gap-default\">\n\t\t\t\t\t<div data-dce-background-color=\"#02010100\" class=\"elementor-column elementor-col-33 elementor-top-column elementor-element elementor-element-ec8ad8b\" data-id=\"ec8ad8b\" data-element_type=\"column\" data-e-type=\"column\" data-settings=\"{&quot;background_background&quot;:&quot;classic&quot;}\">\n\t\t\t<div class=\"elementor-widget-wrap elementor-element-populated\">\n\t\t\t\t\t\t<div class=\"elementor-element elementor-element-87ddda0 uael-offcanvas-wrap-submenu-no uael-offcanvas-trigger-align-inline elementor-widget elementor-widget-uael-offcanvas\" data-id=\"87ddda0\" data-element_type=\"widget\" data-e-type=\"widget\" data-widget_type=\"uael-offcanvas.default\">\n\t\t\t\t<div class=\"elementor-widget-container\">\n\t\t\t\t\t\n\t\t<div id=\"87ddda0-overlay\" data-trigger-on=\"icon\" data-close-on-overlay=\"yes\" data-close-on-esc=\"yes\" data-content=\"menu\" data-device=\"false\" data-custom=\"\" data-custom-id=\"\" data-canvas-width=\"400\" data-wrap-menu-item=\"no\" class=\"uael-offcanvas-parent-wrapper uael-module-content uaoffcanvas-87ddda0\" >\n\t\t\t<div id=\"offcanvas-87ddda0\" class=\"uael-offcanvas uael-custom-offcanvas   uael-offcanvas-type-normal uael-offcanvas-scroll-disable uael-offcanvas-shadow-inset position-at-left\">\n\t\t\t\t<div class=\"uael-offcanvas-content\">\n\t\t\t\t\t<div class=\"uael-offcanvas-action-wrap\">\n\t\t\t\t\t\t\t\t\t\t<div class=\"uael-offcanvas-close-icon-wrapper elementor-icon-wrapper elementor-clickable uael-offcanvas-close-icon-position-left-top\">\n\t\t\t\t\t<span class=\"uael-offcanvas-close elementor-icon-link elementor-clickable \">\n\t\t\t\t\t\t<span class=\"uael-offcanvas-close-icon\">\n\t\t\t\t\t\t\t\t\t\t\t\t\t\t\t\t<i aria-hidden=\"true\" class=\"fas fa-arrow-left\"><\/i>\t\t\t\t\t\t\t\t\t\t\t\t\t<\/span>\n\t\t\t\t\t<\/span>\n\t\t\t\t<\/div>\n\t\t\t\t\t\t\t\t\t<\/div>\n\t\t\t\t\t<div class=\"uael-offcanvas-text uael-offcanvas-content-data\">\n\t\t\t\t\t\t<ul id=\"menu-main-de\" class=\"uael-offcanvas-menu\"><li id=\"menu-item-104\" class=\"menu-item menu-item-type-custom menu-item-object-custom menu-item-104\"><a href=\"\/#home\">Home<\/a><\/li>\n<li id=\"menu-item-83\" class=\"menu-item menu-item-type-custom menu-item-object-custom menu-item-83\"><a href=\"\/berater\">Berater<\/a><\/li>\n<li id=\"menu-item-84\" class=\"menu-item menu-item-type-custom menu-item-object-custom menu-item-84\"><a href=\"\/kompetenzen\">Kompetenzen<\/a><\/li>\n<li id=\"menu-item-85\" class=\"menu-item menu-item-type-custom menu-item-object-custom menu-item-85\"><a href=\"\/karriere\">Karriere<\/a><\/li>\n<li id=\"menu-item-6017\" class=\"menu-item menu-item-type-post_type menu-item-object-page menu-item-6017\"><a href=\"https:\/\/massingwerner.fantomas-staging.de\/en\/news\/\">News<\/a><\/li>\n<li id=\"menu-item-86\" class=\"menu-item menu-item-type-custom menu-item-object-custom menu-item-86\"><a href=\"\/kontakt\">Kontakt<\/a><\/li>\n<li id=\"menu-item-6132\" class=\"english trp-language-switcher-container menu-item menu-item-type-post_type menu-item-object-language_switcher current-language-menu-item menu-item-6132\"><a href=\"https:\/\/massingwerner.fantomas-staging.de\/en\/wp-json\/wp\/v2\/pages\/2107#TRPLINKPROCESSED\"><span data-no-translation><span class=\"trp-ls-language-name\">EN<\/span><\/span><\/a><\/li>\n<li id=\"menu-item-6133\" class=\"trp-language-switcher-container menu-item menu-item-type-post_type menu-item-object-language_switcher current-language-menu-item menu-item-6133\"><a href=\"https:\/\/massingwerner.fantomas-staging.de\/en\/wp-json\/wp\/v2\/pages\/2107#TRPLINKPROCESSED\"><span data-no-translation><span class=\"trp-ls-language-name\">DE<\/span><\/span><\/a><\/li>\n<\/ul>\t\t\t\t\t<\/div>\n\t\t\t\t<\/div>\n\t\t\t<\/div>\n\t\t\t<div class=\"uael-offcanvas-overlay elementor-clickable\"><\/div>\n\t\t<\/div>\n\t\t\t<div class=\"uael-offcanvas-action-wrap\">\n\t\t\t\t\t\t\t<div tabindex=\"0\" class=\"uael-offcanvas-action elementor-clickable uael-offcanvas-trigger uael-offcanvas-icon-wrap\" data-offcanvas=\"87ddda0\"><span class=\"uael-offcanvas-icon-bg uael-offcanvas-icon \"><svg xmlns:inkscape=\"http:\/\/www.inkscape.org\/namespaces\/inkscape\" xmlns:sodipodi=\"http:\/\/sodipodi.sourceforge.net\/DTD\/sodipodi-0.dtd\" xmlns=\"http:\/\/www.w3.org\/2000\/svg\" xmlns:svg=\"http:\/\/www.w3.org\/2000\/svg\" width=\"24.977154\" height=\"16.970123\" viewBox=\"0 0 24.977154 16.970123\" id=\"svg6\" sodipodi:docname=\"Icons_Burger.svg\" inkscape:version=\"1.1.1 (c3084ef, 2021-09-22)\"><defs id=\"defs10\"><\/defs><g id=\"Gruppe_496\" data-name=\"Gruppe 496\" transform=\"translate(-1680.8989,-40.014938)\" style=\"fill:#000000\"><path id=\"Pfad_2849\" data-name=\"Pfad 2849\" d=\"m -7146,-22010.715 h 25\" transform=\"translate(8826.884,22066.715)\" fill=\"none\" stroke=\"#758479\" stroke-width=\"2\" style=\"fill:#000000\"><\/path><path id=\"Pfad_2850\" data-name=\"Pfad 2850\" d=\"m -7146,-22010.715 h 25\" transform=\"translate(8826.884,22059.215)\" fill=\"none\" stroke=\"#758479\" stroke-width=\"2\" style=\"fill:#000000\"><\/path><path id=\"Pfad_2851\" data-name=\"Pfad 2851\" d=\"m -7146,-22010.715 h 25\" transform=\"translate(8826.884,22051.715)\" fill=\"none\" stroke=\"#758479\" stroke-width=\"2\" style=\"fill:#000000\"><\/path><\/g><path style=\"fill:#000000;stroke-width:0.029877\" d=\"M 0,0.985941 V 0 h 12.488577 12.488576 v 0.985941 0.98594 H 12.488577 0 Z\" id=\"path93\"><\/path><path style=\"fill:#000000;stroke-width:0.029877\" d=\"M 0,8.485062 V 7.4991218 H 12.488577 24.977153 V 8.485062 9.4710022 H 12.488577 0 Z\" id=\"path132\"><\/path><path style=\"fill:#000000;stroke-width:0.029877\" d=\"m 0,15.984183 v -0.98594 h 12.488577 12.488576 v 0.98594 0.985941 H 12.488577 0 Z\" id=\"path171\"><\/path><\/svg><\/span><\/div>\n\t\t\t\t\t\t<\/div>\n\t\t\t\t\t\t<\/div>\n\t\t\t\t<\/div>\n\t\t\t\t\t<\/div>\n\t\t<\/div>\n\t\t\t\t<div data-dce-background-color=\"#02010100\" class=\"elementor-column elementor-col-33 elementor-top-column elementor-element elementor-element-40157d8\" data-id=\"40157d8\" data-element_type=\"column\" data-e-type=\"column\" data-settings=\"{&quot;background_background&quot;:&quot;classic&quot;}\">\n\t\t\t<div class=\"elementor-widget-wrap elementor-element-populated\">\n\t\t\t\t\t\t<div data-dce-advanced-background-color=\"#FFFFFF\" class=\"elementor-element elementor-element-b27f95c uael-nav-menu__breakpoint-none uael-nav-menu__align-justify uael-submenu-open-hover uael-submenu-icon-arrow uael-submenu-animation-none uael-link-redirect-child elementor-widget elementor-widget-uael-nav-menu\" data-id=\"b27f95c\" data-element_type=\"widget\" data-e-type=\"widget\" data-settings=\"{&quot;distance_from_menu&quot;:{&quot;unit&quot;:&quot;px&quot;,&quot;size&quot;:&quot;&quot;,&quot;sizes&quot;:[]},&quot;distance_from_menu_tablet&quot;:{&quot;unit&quot;:&quot;px&quot;,&quot;size&quot;:&quot;&quot;,&quot;sizes&quot;:[]},&quot;distance_from_menu_mobile&quot;:{&quot;unit&quot;:&quot;px&quot;,&quot;size&quot;:&quot;&quot;,&quot;sizes&quot;:[]}}\" data-widget_type=\"uael-nav-menu.default\">\n\t\t\t\t<div class=\"elementor-widget-container\">\n\t\t\t\t\t\t\t<div class=\"uael-nav-menu uael-layout-horizontal uael-nav-menu-layout uael-pointer__none\" data-layout=\"horizontal\">\n\t\t\t\t<div role=\"button\" class=\"uael-nav-menu__toggle elementor-clickable\">\n\t\t\t\t\t<span class=\"screen-reader-text\">Main Menu<\/span>\n\t\t\t\t\t<div class=\"uael-nav-menu-icon\">\n\t\t\t\t\t\t\t\t\t\t\t<\/div>\n\t\t\t\t\t\t\t\t\t<\/div>\n\t\t\t\t\t\t\t<nav class=\"uael-nav-menu__layout-horizontal uael-nav-menu__submenu-arrow\" data-toggle-icon=\"\" data-close-icon=\"\" data-full-width=\"\"><ul id=\"menu-1-b27f95c\" class=\"uael-nav-menu\"><li id=\"menu-item-104\" class=\"menu-item menu-item-type-custom menu-item-object-custom parent uael-creative-menu\"><a href=\"\/#home\" class = \"uael-menu-item\">Home<\/a><\/li>\n<li id=\"menu-item-83\" class=\"menu-item menu-item-type-custom menu-item-object-custom parent uael-creative-menu\"><a href=\"\/berater\" class = \"uael-menu-item\">Berater<\/a><\/li>\n<li id=\"menu-item-84\" class=\"menu-item menu-item-type-custom menu-item-object-custom parent uael-creative-menu\"><a href=\"\/kompetenzen\" class = \"uael-menu-item\">Kompetenzen<\/a><\/li>\n<li id=\"menu-item-85\" class=\"menu-item menu-item-type-custom menu-item-object-custom parent uael-creative-menu\"><a href=\"\/karriere\" class = \"uael-menu-item\">Karriere<\/a><\/li>\n<li id=\"menu-item-6017\" class=\"menu-item menu-item-type-post_type menu-item-object-page parent uael-creative-menu\"><a href=\"https:\/\/massingwerner.fantomas-staging.de\/en\/news\/\" class = \"uael-menu-item\">News<\/a><\/li>\n<li id=\"menu-item-86\" class=\"menu-item menu-item-type-custom menu-item-object-custom parent uael-creative-menu\"><a href=\"\/kontakt\" class = \"uael-menu-item\">Kontakt<\/a><\/li>\n<li id=\"menu-item-6132\" class=\"english trp-language-switcher-container menu-item menu-item-type-post_type menu-item-object-language_switcher current-language-menu-item parent uael-creative-menu\"><a href=\"https:\/\/massingwerner.fantomas-staging.de\/en\/wp-json\/wp\/v2\/pages\/2107#TRPLINKPROCESSED\" class = \"uael-menu-item\"><span data-no-translation><span class=\"trp-ls-language-name\">EN<\/span><\/span><\/a><\/li>\n<li id=\"menu-item-6133\" class=\"trp-language-switcher-container menu-item menu-item-type-post_type menu-item-object-language_switcher current-language-menu-item parent uael-creative-menu\"><a href=\"https:\/\/massingwerner.fantomas-staging.de\/en\/wp-json\/wp\/v2\/pages\/2107#TRPLINKPROCESSED\" class = \"uael-menu-item\"><span data-no-translation><span class=\"trp-ls-language-name\">DE<\/span><\/span><\/a><\/li>\n<\/ul><\/nav>\n\t\t\t\t\t<\/div>\n\t\t\t\t\t\t\t<\/div>\n\t\t\t\t<\/div>\n\t\t\t\t\t<\/div>\n\t\t<\/div>\n\t\t\t\t<div class=\"elementor-column elementor-col-33 elementor-top-column elementor-element elementor-element-2e25f6f\" data-id=\"2e25f6f\" data-element_type=\"column\" data-e-type=\"column\" id=\"mob-tab-logo\" data-settings=\"{&quot;background_background&quot;:&quot;classic&quot;}\">\n\t\t\t<div class=\"elementor-widget-wrap\">\n\t\t\t\t\t\t\t<\/div>\n\t\t<\/div>\n\t\t\t\t\t<\/div>\n\t\t<\/section>\n\t\t\t\t<\/div>\n\t\t\t\t<\/div>\n\t\t\t\t\t\t<\/div>\n\t\t\t\t<\/div>\n\t\t\t\t\t<\/div>\n\t\t<\/div>\n\t\t\t\t\t<\/div>\n\t\t<\/section>\n\t\t\t\t<section class=\"elementor-section elementor-top-section elementor-element elementor-element-dc6c5a5 elementor-section-height-min-height elementor-section-boxed elementor-section-height-default elementor-section-items-middle\" data-id=\"dc6c5a5\" data-element_type=\"section\" data-e-type=\"section\">\n\t\t\t\t\t\t<div class=\"elementor-container elementor-column-gap-default\">\n\t\t\t\t\t<div class=\"elementor-column elementor-col-100 elementor-top-column elementor-element elementor-element-d5068ec\" data-id=\"d5068ec\" data-element_type=\"column\" data-e-type=\"column\">\n\t\t\t<div class=\"elementor-widget-wrap\">\n\t\t\t\t\t\t\t<\/div>\n\t\t<\/div>\n\t\t\t\t\t<\/div>\n\t\t<\/section>\n\t\t\t\t<section data-dce-background-color=\"#02010100\" class=\"elementor-section elementor-top-section elementor-element elementor-element-db885a0 elementor-section-height-min-height elementor-section-items-top elementor-section-boxed elementor-section-height-default\" data-id=\"db885a0\" data-element_type=\"section\" data-e-type=\"section\" data-settings=\"{&quot;background_background&quot;:&quot;classic&quot;}\">\n\t\t\t\t\t\t<div class=\"elementor-container elementor-column-gap-no\">\n\t\t\t\t\t<div class=\"elementor-column elementor-col-100 elementor-top-column elementor-element elementor-element-0b04932 no\" data-id=\"0b04932\" data-element_type=\"column\" data-e-type=\"column\" id=\"1st-col\">\n\t\t\t<div class=\"elementor-widget-wrap elementor-element-populated\">\n\t\t\t\t\t\t<section class=\"elementor-section elementor-inner-section elementor-element elementor-element-2de1dc4 elementor-section-full_width elementor-section-height-min-height elementor-section-content-bottom elementor-section-height-default\" data-id=\"2de1dc4\" data-element_type=\"section\" data-e-type=\"section\">\n\t\t\t\t\t\t<div class=\"elementor-container elementor-column-gap-default\">\n\t\t\t\t\t<div class=\"elementor-column elementor-col-100 elementor-inner-column elementor-element elementor-element-b96bdc9\" data-id=\"b96bdc9\" data-element_type=\"column\" data-e-type=\"column\">\n\t\t\t<div class=\"elementor-widget-wrap elementor-element-populated\">\n\t\t\t\t\t\t<div class=\"elementor-element elementor-element-a45fa5f content-box-headline elementor-widget elementor-widget-heading\" data-id=\"a45fa5f\" data-element_type=\"widget\" data-e-type=\"widget\" data-widget_type=\"heading.default\">\n\t\t\t\t<div class=\"elementor-widget-container\">\n\t\t\t\t\t<h2 class=\"elementor-heading-title elementor-size-default\">Kontakt<\/h2>\t\t\t\t<\/div>\n\t\t\t\t<\/div>\n\t\t\t\t<div data-dce-advanced-background-color=\"#FFFFFF\" class=\"elementor-element elementor-element-b4bef45 bottom-box mh90 elementor-widget elementor-widget-text-editor\" data-id=\"b4bef45\" data-element_type=\"widget\" data-e-type=\"widget\" data-widget_type=\"text-editor.default\">\n\t\t\t\t<div class=\"elementor-widget-container\">\n\t\t\t\t\t\t\t\t\t<p>Massing Werner Partnerschaft von Rechtsanw\u00e4lten mbB<br \/>Dr. Dominik Massing<br \/>Dr. Stephan Werner, LL.M. (Columbia)<\/p><p>Residenzstra\u00dfe 22<br \/>80333 M\u00fcnchen<\/p><p>Telefon: <a href=\"tel:+49894520557000\"><span class=\"\">+49 89 4520557000<\/span><\/a><br \/>Fax: +49 89 4520557022<br \/>E-Mail: <a href=\"mailto:info@massingwerner.com\">info@massingwerner.com<\/a><\/p>\t\t\t\t\t\t\t\t<\/div>\n\t\t\t\t<\/div>\n\t\t\t\t\t<\/div>\n\t\t<\/div>\n\t\t\t\t\t<\/div>\n\t\t<\/section>\n\t\t\t\t\t<\/div>\n\t\t<\/div>\n\t\t\t\t\t<\/div>\n\t\t<\/section>\n\t\t\t\t<section data-dce-background-overlay-color=\"#02010100\" class=\"elementor-section elementor-top-section elementor-element elementor-element-b1bd4a5 elementor-section-full_width elementor-section-height-min-height elementor-section-height-default elementor-section-items-middle\" data-id=\"b1bd4a5\" data-element_type=\"section\" data-e-type=\"section\" data-settings=\"{&quot;background_background&quot;:&quot;classic&quot;}\">\n\t\t\t\t\t\t\t<div class=\"elementor-background-overlay\"><\/div>\n\t\t\t\t\t\t\t<div class=\"elementor-container elementor-column-gap-default\">\n\t\t\t\t\t<div class=\"elementor-column elementor-col-100 elementor-top-column elementor-element elementor-element-4d39b5f\" data-id=\"4d39b5f\" data-element_type=\"column\" data-e-type=\"column\">\n\t\t\t<div class=\"elementor-widget-wrap elementor-element-populated\">\n\t\t\t\t\t\t<div class=\"elementor-element elementor-element-4554e83 elementor-widget elementor-widget-template\" data-id=\"4554e83\" data-element_type=\"widget\" data-e-type=\"widget\" data-widget_type=\"template.default\">\n\t\t\t\t<div class=\"elementor-widget-container\">\n\t\t\t\t\t\t\t<div class=\"elementor-template\">\n\t\t\t\t\t<div data-elementor-type=\"section\" data-elementor-id=\"2561\" class=\"elementor elementor-2561\" data-elementor-post-type=\"elementor_library\">\n\t\t\t\t\t<section class=\"elementor-section elementor-top-section elementor-element elementor-element-65955fbb elementor-section-height-min-height elementor-section-items-bottom elementor-section-boxed elementor-section-height-default\" data-id=\"65955fbb\" data-element_type=\"section\" data-e-type=\"section\" data-settings=\"{&quot;background_background&quot;:&quot;classic&quot;}\">\n\t\t\t\t\t\t<div class=\"elementor-container elementor-column-gap-default\">\n\t\t\t\t\t<div class=\"elementor-column elementor-col-33 elementor-top-column elementor-element elementor-element-4c042ec4\" data-id=\"4c042ec4\" data-element_type=\"column\" data-e-type=\"column\">\n\t\t\t<div class=\"elementor-widget-wrap elementor-element-populated\">\n\t\t\t\t\t\t<div data-dce-text-color=\"#FFFFFF\" class=\"elementor-element elementor-element-3344e45e elementor-widget elementor-widget-text-editor\" data-id=\"3344e45e\" data-element_type=\"widget\" data-e-type=\"widget\" data-widget_type=\"text-editor.default\">\n\t\t\t\t<div class=\"elementor-widget-container\">\n\t\t\t\t\t\t\t\t\t<p><span style=\"color: #ffffff;\">Massing Werner <\/span><br \/><span style=\"color: #ffffff;\">Partnerschaft von Rechtsanw\u00e4lten mbB<\/span><\/p>\t\t\t\t\t\t\t\t<\/div>\n\t\t\t\t<\/div>\n\t\t\t\t\t<\/div>\n\t\t<\/div>\n\t\t\t\t<div class=\"elementor-column elementor-col-33 elementor-top-column elementor-element elementor-element-be36b0f\" data-id=\"be36b0f\" data-element_type=\"column\" data-e-type=\"column\">\n\t\t\t<div class=\"elementor-widget-wrap elementor-element-populated\">\n\t\t\t\t\t\t<div data-dce-text-color=\"#FFFFFF\" class=\"elementor-element elementor-element-68ad557 elementor-widget elementor-widget-text-editor\" data-id=\"68ad557\" data-element_type=\"widget\" data-e-type=\"widget\" data-widget_type=\"text-editor.default\">\n\t\t\t\t<div class=\"elementor-widget-container\">\n\t\t\t\t\t\t\t\t\t<p>Residenzstra\u00dfe 22<br \/>80333 M\u00fcnchen<\/p>\t\t\t\t\t\t\t\t<\/div>\n\t\t\t\t<\/div>\n\t\t\t\t\t<\/div>\n\t\t<\/div>\n\t\t\t\t<div class=\"elementor-column elementor-col-33 elementor-top-column elementor-element elementor-element-1e62d2ea\" data-id=\"1e62d2ea\" data-element_type=\"column\" data-e-type=\"column\">\n\t\t\t<div class=\"elementor-widget-wrap elementor-element-populated\">\n\t\t\t\t\t\t<div data-dce-text-color=\"#FFFFFF\" class=\"elementor-element elementor-element-18002725 elementor-widget elementor-widget-text-editor\" data-id=\"18002725\" data-element_type=\"widget\" data-e-type=\"widget\" data-widget_type=\"text-editor.default\">\n\t\t\t\t<div class=\"elementor-widget-container\">\n\t\t\t\t\t\t\t\t\t<p><a style=\"color: #fff;\" href=\"\/kontakt\">Kontakt<\/a><br \/><a style=\"color: #fff;\" href=\"\/impressum\/\">Impressum<\/a><br \/><a style=\"color: #fff;\" href=\"\/datenschutz\/\">Datenschutz<\/a><\/p>\t\t\t\t\t\t\t\t<\/div>\n\t\t\t\t<\/div>\n\t\t\t\t\t<\/div>\n\t\t<\/div>\n\t\t\t\t\t<\/div>\n\t\t<\/section>\n\t\t\t\t<\/div>\n\t\t\t\t<\/div>\n\t\t\t\t\t\t<\/div>\n\t\t\t\t<\/div>\n\t\t\t\t\t<\/div>\n\t\t<\/div>\n\t\t\t\t\t<\/div>\n\t\t<\/section>\n\t\t\t\t<\/div>\n\t\t","protected":false},"excerpt":{"rendered":"<p>Kontakt Massing Werner Partnerschaft von Rechtsanw\u00e4lten mbBDr. Dominik MassingDr. Stephan Werner, LL.M. (Columbia) Residenzstra\u00dfe 2280333 M\u00fcnchen Telefon: +49 89 4520557000Fax: +49 89 4520557022E-Mail: info@massingwerner.com<\/p>","protected":false},"author":1,"featured_media":0,"parent":0,"menu_order":0,"comment_status":"closed","ping_status":"closed","template":"","meta":{"_acf_changed":false,"footnotes":""},"class_list":["post-2107","page","type-page","status-publish","hentry"],"acf":[],"_links":{"self":[{"href":"https:\/\/massingwerner.fantomas-staging.de\/en\/wp-json\/wp\/v2\/pages\/2107","targetHints":{"allow":["GET"]}}],"collection":[{"href":"https:\/\/massingwerner.fantomas-staging.de\/en\/wp-json\/wp\/v2\/pages"}],"about":[{"href":"https:\/\/massingwerner.fantomas-staging.de\/en\/wp-json\/wp\/v2\/types\/page"}],"author":[{"embeddable":true,"href":"https:\/\/massingwerner.fantomas-staging.de\/en\/wp-json\/wp\/v2\/users\/1"}],"replies":[{"embeddable":true,"href":"https:\/\/massingwerner.fantomas-staging.de\/en\/wp-json\/wp\/v2\/comments?post=2107"}],"version-history":[{"count":34,"href":"https:\/\/massingwerner.fantomas-staging.de\/en\/wp-json\/wp\/v2\/pages\/2107\/revisions"}],"predecessor-version":[{"id":5540,"href":"https:\/\/massingwerner.fantomas-staging.de\/en\/wp-json\/wp\/v2\/pages\/2107\/revisions\/5540"}],"wp:attachment":[{"href":"https:\/\/massingwerner.fantomas-staging.de\/en\/wp-json\/wp\/v2\/media?parent=2107"}],"curies":[{"name":"wp","href":"https:\/\/api.w.org\/{rel}","templated":true}]}}